{"id":2393,"date":"2024-08-16T07:35:22","date_gmt":"2024-08-16T07:35:22","guid":{"rendered":"https:\/\/agecad.com\/politica-de-cookies\/"},"modified":"2026-01-28T08:48:58","modified_gmt":"2026-01-28T08:48:58","slug":"politica-de-cookies","status":"publish","type":"page","link":"https:\/\/agecad.com\/ca\/politica-de-cookies\/","title":{"rendered":"Pol\u00edtica de Cookies"},"content":{"rendered":"\t\t<div data-elementor-type=\"wp-page\" data-elementor-id=\"2393\" class=\"elementor elementor-2393 elementor-407\" data-elementor-post-type=\"page\">\n\t\t\t\t<div class=\"elementor-element elementor-element-973ce25 e-flex e-con-boxed e-con e-parent\" data-id=\"973ce25\" data-element_type=\"container\">\n\t\t\t\t\t<div class=\"e-con-inner\">\n\t\t\t\t<div class=\"elementor-element elementor-element-5a139a8 elementor-widget elementor-widget-heading\" data-id=\"5a139a8\" data-element_type=\"widget\" data-widget_type=\"heading.default\">\n\t\t\t\t<div class=\"elementor-widget-container\">\n\t\t\t\t\t<h2 class=\"elementor-heading-title elementor-size-default\">Pol\u00edtica de cookies<\/h2>\t\t\t\t<\/div>\n\t\t\t\t<\/div>\n\t\t<div class=\"elementor-element elementor-element-daeb302 e-con-full e-flex e-con e-child\" data-id=\"daeb302\" data-element_type=\"container\" data-settings=\"{&quot;background_background&quot;:&quot;classic&quot;}\">\n\t\t\t\t<div class=\"elementor-element elementor-element-bf5f7be elementor-widget elementor-widget-text-editor\" data-id=\"bf5f7be\" data-element_type=\"widget\" data-widget_type=\"text-editor.default\">\n\t\t\t\t<div class=\"elementor-widget-container\">\n\t\t\t\t\t\t\t\t\t<p>INSTALACIONES Y MANTENIMIENTOS AGECAD, S.L., titular d&#8217;aquest lloc Web (<a href=\"https:\/\/agecad.com\/ca\/\"><em>www.agecad.com<\/em><\/a>), utilitza cookies pr\u00f2pies i de tercers per a diferents finalitats. INSTALACIONES Y MANTENIMIENTOS AGECAD, S.L. recorre a l&#8217;\u00fas de cookies a l&#8217;efecte de complir amb les exig\u00e8ncies legals previstes en la Llei 34\/2002, d&#8217;11 de juliol, de serveis de la societat de la informaci\u00f3 i de comer\u00e7 electr\u00f2nic (LSSI). <\/p><p>La present Pol\u00edtica de Cookies t\u00e9 per objecte informar-lo de manera clara, precisa i completa sobre les cookies que utilitzem, la informaci\u00f3 que recopilem a trav\u00e9s d&#8217;aquestes i per a quines finalitats s&#8217;utilitza aquesta informaci\u00f3 tal com estableix l&#8217;article 22.2 de la LSSI.<\/p>\t\t\t\t\t\t\t\t<\/div>\n\t\t\t\t<\/div>\n\t\t\t\t<div class=\"elementor-element elementor-element-cf3e15c elementor-widget elementor-widget-heading\" data-id=\"cf3e15c\" data-element_type=\"widget\" data-widget_type=\"heading.default\">\n\t\t\t\t<div class=\"elementor-widget-container\">\n\t\t\t\t\t<h2 class=\"elementor-heading-title elementor-size-default\">1. QU\u00c8 S\u00d3N LES COOKIES I QUINA \u00c9S LA SEVA FINALITAT?<\/h2>\t\t\t\t<\/div>\n\t\t\t\t<\/div>\n\t\t\t\t<div class=\"elementor-element elementor-element-baec899 elementor-widget elementor-widget-text-editor\" data-id=\"baec899\" data-element_type=\"widget\" data-widget_type=\"text-editor.default\">\n\t\t\t\t<div class=\"elementor-widget-container\">\n\t\t\t\t\t\t\t\t\t<p>Una &#8220;cookie&#8221; \u00e9s un arxiu que s&#8217;emmagatzema en l&#8217;ordinador, tauleta, tel\u00e8fon intel\u00b7ligent o qualsevol altre dispositiu de l&#8217;usuari, amb la finalitat de recaptar i emmagatzemar informaci\u00f3 sobre l&#8217;\u00fas, per part d&#8217;aquest \u00faltim, del Lloc web (article 22.2 LSSI).<\/p>\t\t\t\t\t\t\t\t<\/div>\n\t\t\t\t<\/div>\n\t\t\t\t<div class=\"elementor-element elementor-element-f848791 elementor-widget elementor-widget-heading\" data-id=\"f848791\" data-element_type=\"widget\" data-widget_type=\"heading.default\">\n\t\t\t\t<div class=\"elementor-widget-container\">\n\t\t\t\t\t<h2 class=\"elementor-heading-title elementor-size-default\">2. QUI \u00c9S EL RESPONSABLE?<\/h2>\t\t\t\t<\/div>\n\t\t\t\t<\/div>\n\t\t\t\t<div class=\"elementor-element elementor-element-76a9666 elementor-widget elementor-widget-text-editor\" data-id=\"76a9666\" data-element_type=\"widget\" data-widget_type=\"text-editor.default\">\n\t\t\t\t<div class=\"elementor-widget-container\">\n\t\t\t\t\t\t\t\t\t<p>Les cookies utilitzades en la p\u00e0gina web s\u00f3n tractades per INSTALACIONES Y MANTENIMIENTOS AGECAD, S.L. o tercers amb les seves finalitats i per\u00edode de conservaci\u00f3, establerts en l&#8217;apartat quart de la present pol\u00edtica de cookies.<\/p>\t\t\t\t\t\t\t\t<\/div>\n\t\t\t\t<\/div>\n\t\t\t\t<div class=\"elementor-element elementor-element-27a05b5 elementor-widget elementor-widget-heading\" data-id=\"27a05b5\" data-element_type=\"widget\" data-widget_type=\"heading.default\">\n\t\t\t\t<div class=\"elementor-widget-container\">\n\t\t\t\t\t<h2 class=\"elementor-heading-title elementor-size-default\">3. QUIN TIPUS DE COOKIES EXISTEIXEN?<\/h2>\t\t\t\t<\/div>\n\t\t\t\t<\/div>\n\t\t\t\t<div class=\"elementor-element elementor-element-a3dac7e elementor-widget elementor-widget-text-editor\" data-id=\"a3dac7e\" data-element_type=\"widget\" data-widget_type=\"text-editor.default\">\n\t\t\t\t<div class=\"elementor-widget-container\">\n\t\t\t\t\t\t\t\t\t<p>A continuaci\u00f3, s&#8217;exposa una classificaci\u00f3 de les cookies que existeixen i poden arribar a ser utilitzades en el nostre Lloc web, tenint en compte que una mateixa cookie pot estar inclosa en m\u00e9s d&#8217;una categoria.<\/p><p>3.1 Segons <strong>l&#8217;entitat que les gestiona<\/strong><\/p><ul><li style=\"list-style-type: none;\"><ul><li>Cookies pr\u00f2pies: aquelles que s&#8217;envien al seu equip des dels nostres propis equips o dominis i des del qual prestem el servei que ens sol\u00b7licita.<\/li><\/ul><\/li><\/ul><ul><li style=\"list-style-type: none;\"><ul><li>Cookies de tercers: aquelles que s&#8217;envien al seu equip des d&#8217;un equip o domini que no \u00e9s gestionat per nosaltres, sin\u00f3 per una altra entitat col\u00b7laboradora.<\/li><\/ul><\/li><\/ul><p>3.2. Segons <strong>el termini de temps que romanen actives<\/strong><\/p><ul><li style=\"list-style-type: none;\"><ul><li>Cookies de sessi\u00f3: s\u00f3n aquelles dissenyades per a recaptar i emmagatzemar dades mentre l&#8217;usuari accedeix a una p\u00e0gina web. Se solen emprar per a emmagatzemar informaci\u00f3 que nom\u00e9s interessa conservar per a la prestaci\u00f3 del servei sol\u00b7licitat per l&#8217;usuari en una sola ocasi\u00f3 (per exemple, una llista de productes adquirits) i desapareixen en acabar la sessi\u00f3. <\/li><\/ul><\/li><\/ul><ul><li style=\"list-style-type: none;\"><ul><li>Cookies persistents: s\u00f3n aquelles en les quals les dades segueixen emmagatzemats en el terminal i poden ser accedits i tractats durant un per\u00edode definit pel responsable de la cookie, i que pot anar d&#8217;uns minuts a diversos anys.<\/li><\/ul><\/li><\/ul><p>3.3. Segons la <strong>finalitat<\/strong><\/p><ul><li style=\"list-style-type: none;\"><ul><li>Cookies t\u00e8cniques: s\u00f3n aquelles que permeten la navegaci\u00f3 a trav\u00e9s del Lloc web, incloent-hi aquelles utilitzades per a la gesti\u00f3 del Lloc web i l&#8217;habilitaci\u00f3 de les seves funcions i serveis (p. ex.: controlar el tr\u00e0nsit i la comunicaci\u00f3 de dades, identificar la sessi\u00f3, accedir a parts d&#8217;acc\u00e9s restringit, recordar els elements que integren una comanda, realitzar el proc\u00e9s de compra d&#8217;una comanda, gestionar el pagament, etc.). Aquestes cookies estaran exceptuades del compliment de les obligacions establertes en l&#8217;article 22.2 de la LSSI quan permetin prestar el servei sol\u00b7licitat per l&#8217;usuari. No obstant aix\u00f2, si aquestes cookies s&#8217;utilitzen per a finalitats no exemptes, quedaran subjectes a aquestes obligacions.  <\/li><\/ul><\/li><\/ul><ul><li style=\"list-style-type: none;\"><ul><li>Cookies de personalitzaci\u00f3: s\u00f3n aquelles que permeten recordar informaci\u00f3 perqu\u00e8 pugui accedir al Lloc web amb determinades caracter\u00edstiques que poden diferenciar la seva experi\u00e8ncia de la d&#8217;altres usuaris (p. ex.: l&#8217;idioma, el nombre de resultats a mostrar quan l&#8217;usuari realitza una cerca, l&#8217;aspecte o contingut del servei en funci\u00f3 del tipus de navegador a trav\u00e9s del qual l&#8217;usuari accedeix al servei o de la regi\u00f3 des de la qual accedeix al servei, etc.). Si \u00e9s el propi usuari qui tria aquestes caracter\u00edstiques (per exemple, seleccionant l&#8217;idioma del lloc web clicant sobre la icona de la bandera que correspon), les cookies estaran exceptuades de les obligacions de l&#8217;article 22.2 de la LSSI per considerar-se un servei expressament sol\u00b7licitat per l&#8217;usuari, sempre que les cookies obeeixin a la finalitat seleccionada. <\/li><\/ul><\/li><\/ul><ul><li style=\"list-style-type: none;\"><ul><li>Cookies d&#8217;an\u00e0lisis o mesurament: s\u00f3n aquelles que permeten al responsable de les mateixes el seguiment i an\u00e0lisi del comportament dels usuaris, inclosa la quantificaci\u00f3 dels impactes dels anuncis. La informaci\u00f3 recollida mitjan\u00e7ant aquesta mena de cookies s&#8217;utilitza en el mesurament de l&#8217;activitat del Lloc web amb la finalitat d&#8217;introduir millores en funci\u00f3 de l&#8217;an\u00e0lisi de les dades d&#8217;\u00fas que fan els usuaris. <\/li><li>Cookies de publicitat comportamental: s\u00f3n aquelles que emmagatzemen informaci\u00f3 del comportament dels usuaris obtinguda a trav\u00e9s de l&#8217;observaci\u00f3 continuada dels seus h\u00e0bits de navegaci\u00f3, la qual cosa permet desenvolupar un perfil espec\u00edfic per a mostrar publicitat en funci\u00f3 d&#8217;aquest.<\/li><\/ul><\/li><\/ul>\t\t\t\t\t\t\t\t<\/div>\n\t\t\t\t<\/div>\n\t\t\t\t<div class=\"elementor-element elementor-element-738dbfe elementor-widget elementor-widget-heading\" data-id=\"738dbfe\" data-element_type=\"widget\" data-widget_type=\"heading.default\">\n\t\t\t\t<div class=\"elementor-widget-container\">\n\t\t\t\t\t<h2 class=\"elementor-heading-title elementor-size-default\">4. QUINES COOKIES UTILITZEM EN EL NOSTRE LLOC WEB?<\/h2>\t\t\t\t<\/div>\n\t\t\t\t<\/div>\n\t\t\t\t<div class=\"elementor-element elementor-element-1bfd5b9 elementor-widget elementor-widget-text-editor\" data-id=\"1bfd5b9\" data-element_type=\"widget\" data-widget_type=\"text-editor.default\">\n\t\t\t\t<div class=\"elementor-widget-container\">\n\t\t\t\t\t\t\t\t\t<p>INSTALACIONES Y MANTENIMIENTOS AGECAD, S.L. utilitza les seg\u00fcents cookies:<\/p><table width=\"692\"><tbody><tr><td width=\"81\"><p><strong>Tipus de COOKIE<\/strong><\/p><\/td><td width=\"126\"><p><strong> <\/strong><\/p><p><strong>NOM DE COOKIE<\/strong><\/p><p><strong> <\/strong><\/p><\/td><td width=\"111\"><p><strong> <\/strong><\/p><p><strong>DESCRIPCI\u00d3\/finalitat<\/strong><\/p><p><strong> <\/strong><\/p><\/td><td width=\"100\"><p><strong>PROPIETAT<\/strong><\/p><p><strong>Prove\u00efdor<\/strong><\/p><\/td><td width=\"112\"><p><strong> <\/strong><\/p><p><strong>CADUCITAT<\/strong><\/p><p><strong> <\/strong><\/p><\/td><td width=\"161\"><p><strong><strong>TRANSFER\u00c8NCIA INTERNACIONAL<\/strong><\/strong><\/p><\/td><\/tr><tr><td width=\"81\"><p>T\u00e8cniques<\/p><\/td><td width=\"126\"><p>_ga<\/p><\/td><td width=\"111\"><p>Cookie que s&#8217;utilitza per a realitzar an\u00e0lisi del comportament de l&#8217;usuari<\/p><\/td><td width=\"100\"><p>Editor\/tercers<\/p><p>Google<\/p><\/td><td width=\"112\"><p>2 anys<\/p><\/td><td width=\"161\"><p>no<\/p><\/td><\/tr><tr><td width=\"81\"><p>Pr\u00f2pies<\/p><\/td><td width=\"126\"><p>_<\/p><\/td><td width=\"111\"><p>Cookies de sessi\u00f3 per al correcte funcionament de la p\u00e0gina web<\/p><\/td><td width=\"100\"><p>Agecad<\/p><\/td><td width=\"112\"><p>1 any<\/p><\/td><td width=\"161\"><p>No<\/p><\/td><\/tr><\/tbody><\/table>\t\t\t\t\t\t\t\t<\/div>\n\t\t\t\t<\/div>\n\t\t\t\t<div class=\"elementor-element elementor-element-4425005 elementor-widget elementor-widget-heading\" data-id=\"4425005\" data-element_type=\"widget\" data-widget_type=\"heading.default\">\n\t\t\t\t<div class=\"elementor-widget-container\">\n\t\t\t\t\t<h2 class=\"elementor-heading-title elementor-size-default\">5. DURANT QUANT TEMPS CONSERVAREM LA INFORMACI\u00d3?<\/h2>\t\t\t\t<\/div>\n\t\t\t\t<\/div>\n\t\t\t\t<div class=\"elementor-element elementor-element-c0c1033 elementor-widget elementor-widget-text-editor\" data-id=\"c0c1033\" data-element_type=\"widget\" data-widget_type=\"text-editor.default\">\n\t\t\t\t<div class=\"elementor-widget-container\">\n\t\t\t\t\t\t\t\t\t<p>En compliment de l&#8217;art. 13.2 del Reglament (UE) 2016\/679, mantindrem la informaci\u00f3 recaptada a trav\u00e9s de les cookies durant el temps imprescindible per a complir amb les finalitats indicades en cada cookie.<\/p><p>En relaci\u00f3 amb les cookies de tercers, els terminis de conservaci\u00f3 podran ser consultats en les seves respectives Pol\u00edtiques de Privacitat i de Cookies que consten en la taula anterior.<\/p>\t\t\t\t\t\t\t\t<\/div>\n\t\t\t\t<\/div>\n\t\t\t\t<div class=\"elementor-element elementor-element-01eacb5 elementor-widget elementor-widget-heading\" data-id=\"01eacb5\" data-element_type=\"widget\" data-widget_type=\"heading.default\">\n\t\t\t\t<div class=\"elementor-widget-container\">\n\t\t\t\t\t<h2 class=\"elementor-heading-title elementor-size-default\">6. COM CONFIGURAR O DESHABILITAR LES COOKIES?<\/h2>\t\t\t\t<\/div>\n\t\t\t\t<\/div>\n\t\t\t\t<div class=\"elementor-element elementor-element-4205190 elementor-widget elementor-widget-text-editor\" data-id=\"4205190\" data-element_type=\"widget\" data-widget_type=\"text-editor.default\">\n\t\t\t\t<div class=\"elementor-widget-container\">\n\t\t\t\t\t\t\t\t\t<p>La legitimaci\u00f3 de INSTALACIONES Y MANTENIMIENTOS AGECAD, S.L. per a l&#8217;\u00fas de cookies est\u00e0 basada en el consentiment expr\u00e9s que se li sol\u00b7licita, conforme a l&#8217;article 6.1.a) del Reglament (UE) 2016\/679. LES COOKIES?<\/p><p>El consentiment que ens ha prestat \u00e9s aplicable a les cookies del present Lloc web (www.agecad.com) i dels llocs web dels tercers amb els quals col\u00b7laborem, especificats en l&#8217;apartat \u201cquines cookies utilitzem en el nostre lloc web?\u201d de la present Pol\u00edtica.<\/p><p>Recordi que en qualsevol moment pot modificar o retirar el seu consentiment a trav\u00e9s del b\u00e0ner situat en la part inferior del nostre Lloc web (Gestiona el teu consentiment).<\/p><p>Pot restringir, bloquejar o esborrar les cookies instal\u00b7lades en el seu equip mitjan\u00e7ant la configuraci\u00f3 de les opcions del seu navegador d&#8217;Internet:<\/p><ul><li style=\"list-style-type: none;\"><ul><li>Google Chrome: <a href=\"https:\/\/support.google.com\/accounts\/answer\/61416?co=GENIE.Platform=Desktop&amp;hl=es\">https:\/\/support.google.com\/accounts\/answer\/61416?co=GENIE.Platform=Desktop&amp;hl=es#<\/a><\/li><li>Mozilla Firefox: <a href=\"https:\/\/support.mozilla.org\/es\/kb\/habilitar-y-deshabilitar-cookies-sitios-web-rastrear-preferencias\">https:\/\/support.mozilla.org\/es\/kb\/habilitar-y-deshabilitar-cookies-sitios-web-rastrear-preferencias<\/a><\/li><li>Internet Explorer: <a href=\"https:\/\/support.microsoft.com\/es-es\/topic\/eliminar-y-administrar-cookies-168dab11-0753-043d-7c16-ede5947fc64d\">https:\/\/support.microsoft.com\/es-es\/topic\/eliminar-y-administrar-cookies-168dab11-0753-043d-7c16-ede5947fc64d<\/a><\/li><li>Safari: <a href=\"https:\/\/support.apple.com\/es-es\/guide\/safari\/sfri11471\/mac\">https:\/\/support.apple.com\/es-es\/guide\/safari\/sfri11471\/mac<\/a><\/li><\/ul><\/li><\/ul>\t\t\t\t\t\t\t\t<\/div>\n\t\t\t\t<\/div>\n\t\t\t\t<div class=\"elementor-element elementor-element-946e396 elementor-widget elementor-widget-heading\" data-id=\"946e396\" data-element_type=\"widget\" data-widget_type=\"heading.default\">\n\t\t\t\t<div class=\"elementor-widget-container\">\n\t\t\t\t\t<h2 class=\"elementor-heading-title elementor-size-default\">7. INFORMACI\u00d3 ADDICIONAL<\/h2>\t\t\t\t<\/div>\n\t\t\t\t<\/div>\n\t\t\t\t<div class=\"elementor-element elementor-element-7a67d8e elementor-widget elementor-widget-text-editor\" data-id=\"7a67d8e\" data-element_type=\"widget\" data-widget_type=\"text-editor.default\">\n\t\t\t\t<div class=\"elementor-widget-container\">\n\t\t\t\t\t\t\t\t\t<p>Per a totes aquelles q\u00fcestions referides a la privacitat i protecci\u00f3 de dades, pots consultar la nostra <a href=\"https:\/\/agecad.com\/ca\/politica-de-privacitat\/\">pol\u00edtica de privacitat.<\/a> <\/p><p>La present Pol\u00edtica de Cookies compleix amb les directrius establertes pel Comit\u00e8 Europeu de Protecci\u00f3 de Dades adaptades a la Guia de Cookies de l&#8217;AEPD, ser\u00e0 objecte de modificaci\u00f3 sempre que resulti necessari a fi d&#8217;adaptar-la a l&#8217;actualitat legislativa de cada moment o a qualsevol variaci\u00f3 en el tipus de cookies utilitzades en el Lloc web. Per aix\u00f2, li recomanem revisar la present Pol\u00edtica cada vegada que accedeixi al nostre Lloc web amb l&#8217;objectiu de mantenir-se informat sobre com i per a qu\u00e8 usem les cookies. <\/p><p> <\/p>\t\t\t\t\t\t\t\t<\/div>\n\t\t\t\t<\/div>\n\t\t\t\t<\/div>\n\t\t\t\t\t<\/div>\n\t\t\t\t<\/div>\n\t\t\t\t<\/div>\n\t\t","protected":false},"excerpt":{"rendered":"<p>Pol\u00edtica de cookies INSTALACIONES Y MANTENIMIENTOS AGECAD, S.L., titular d&#8217;aquest lloc Web (www.agecad.com), utilitza cookies pr\u00f2pies i de tercers per [&hellip;]<\/p>\n","protected":false},"author":1,"featured_media":0,"parent":0,"menu_order":0,"comment_status":"closed","ping_status":"closed","template":"","meta":{"site-sidebar-layout":"no-sidebar","site-content-layout":"","ast-site-content-layout":"full-width-container","site-content-style":"default","site-sidebar-style":"default","ast-global-header-display":"","ast-banner-title-visibility":"","ast-main-header-display":"","ast-hfb-above-header-display":"","ast-hfb-below-header-display":"","ast-hfb-mobile-header-display":"","site-post-title":"","ast-breadcrumbs-content":"","ast-featured-img":"disabled","footer-sml-layout":"","theme-transparent-header-meta":"","adv-header-id-meta":"","stick-header-meta":"","header-above-stick-meta":"","header-main-stick-meta":"","header-below-stick-meta":"","astra-migrate-meta-layouts":"default","ast-page-background-enabled":"default","ast-page-background-meta":{"desktop":{"background-color":"var(--ast-global-color-4)","background-image":"","background-repeat":"repeat","background-position":"center center","background-size":"auto","background-attachment":"scroll","background-type":"","background-media":"","overlay-type":"","overlay-color":"","overlay-opacity":"","overlay-gradient":""},"tablet":{"background-color":"","background-image":"","background-repeat":"repeat","background-position":"center center","background-size":"auto","background-attachment":"scroll","background-type":"","background-media":"","overlay-type":"","overlay-color":"","overlay-opacity":"","overlay-gradient":""},"mobile":{"background-color":"","background-image":"","background-repeat":"repeat","background-position":"center center","background-size":"auto","background-attachment":"scroll","background-type":"","background-media":"","overlay-type":"","overlay-color":"","overlay-opacity":"","overlay-gradient":""}},"ast-content-background-meta":{"desktop":{"background-color":"var(--ast-global-color-5)","background-image":"","background-repeat":"repeat","background-position":"center center","background-size":"auto","background-attachment":"scroll","background-type":"","background-media":"","overlay-type":"","overlay-color":"","overlay-opacity":"","overlay-gradient":""},"tablet":{"background-color":"var(--ast-global-color-5)","background-image":"","background-repeat":"repeat","background-position":"center center","background-size":"auto","background-attachment":"scroll","background-type":"","background-media":"","overlay-type":"","overlay-color":"","overlay-opacity":"","overlay-gradient":""},"mobile":{"background-color":"var(--ast-global-color-5)","background-image":"","background-repeat":"repeat","background-position":"center center","background-size":"auto","background-attachment":"scroll","background-type":"","background-media":"","overlay-type":"","overlay-color":"","overlay-opacity":"","overlay-gradient":""}},"footnotes":""},"class_list":["post-2393","page","type-page","status-publish","hentry"],"yoast_head":"<!-- This site is optimized with the Yoast SEO plugin v26.8 - https:\/\/yoast.com\/product\/yoast-seo-wordpress\/ -->\n<title>Pol\u00edtica de Cookies - Agecad<\/title>\n<meta name=\"robots\" content=\"index, follow, max-snippet:-1, max-image-preview:large, max-video-preview:-1\" \/>\n<link rel=\"canonical\" href=\"https:\/\/agecad.com\/ca\/politica-de-cookies\/\" \/>\n<meta property=\"og:locale\" content=\"ca_ES\" \/>\n<meta property=\"og:type\" content=\"article\" \/>\n<meta property=\"og:title\" content=\"Pol\u00edtica de Cookies - Agecad\" \/>\n<meta property=\"og:description\" content=\"Pol\u00edtica de cookies INSTALACIONES Y MANTENIMIENTOS AGECAD, S.L., titular d&#8217;aquest lloc Web (www.agecad.com), utilitza cookies pr\u00f2pies i de tercers per [&hellip;]\" \/>\n<meta property=\"og:url\" content=\"https:\/\/agecad.com\/ca\/politica-de-cookies\/\" \/>\n<meta property=\"og:site_name\" content=\"Agecad\" \/>\n<meta property=\"article:modified_time\" content=\"2026-01-28T08:48:58+00:00\" \/>\n<meta name=\"twitter:card\" content=\"summary_large_image\" \/>\n<meta name=\"twitter:label1\" content=\"Temps estimat de lectura\" \/>\n\t<meta name=\"twitter:data1\" content=\"6 minuts\" \/>\n<script type=\"application\/ld+json\" class=\"yoast-schema-graph\">{\"@context\":\"https:\/\/schema.org\",\"@graph\":[{\"@type\":\"WebPage\",\"@id\":\"https:\/\/agecad.com\/ca\/politica-de-cookies\/\",\"url\":\"https:\/\/agecad.com\/ca\/politica-de-cookies\/\",\"name\":\"Pol\u00edtica de Cookies - Agecad\",\"isPartOf\":{\"@id\":\"https:\/\/agecad.com\/#website\"},\"datePublished\":\"2024-08-16T07:35:22+00:00\",\"dateModified\":\"2026-01-28T08:48:58+00:00\",\"breadcrumb\":{\"@id\":\"https:\/\/agecad.com\/ca\/politica-de-cookies\/#breadcrumb\"},\"inLanguage\":\"ca\",\"potentialAction\":[{\"@type\":\"ReadAction\",\"target\":[\"https:\/\/agecad.com\/ca\/politica-de-cookies\/\"]}]},{\"@type\":\"BreadcrumbList\",\"@id\":\"https:\/\/agecad.com\/ca\/politica-de-cookies\/#breadcrumb\",\"itemListElement\":[{\"@type\":\"ListItem\",\"position\":1,\"name\":\"Portada\",\"item\":\"https:\/\/agecad.com\/ca\/inici\/\"},{\"@type\":\"ListItem\",\"position\":2,\"name\":\"Pol\u00edtica de Cookies\"}]},{\"@type\":\"WebSite\",\"@id\":\"https:\/\/agecad.com\/#website\",\"url\":\"https:\/\/agecad.com\/\",\"name\":\"Agecad\",\"description\":\"\",\"publisher\":{\"@id\":\"https:\/\/agecad.com\/#organization\"},\"potentialAction\":[{\"@type\":\"SearchAction\",\"target\":{\"@type\":\"EntryPoint\",\"urlTemplate\":\"https:\/\/agecad.com\/?s={search_term_string}\"},\"query-input\":{\"@type\":\"PropertyValueSpecification\",\"valueRequired\":true,\"valueName\":\"search_term_string\"}}],\"inLanguage\":\"ca\"},{\"@type\":\"Organization\",\"@id\":\"https:\/\/agecad.com\/#organization\",\"name\":\"Agecad\",\"url\":\"https:\/\/agecad.com\/\",\"logo\":{\"@type\":\"ImageObject\",\"inLanguage\":\"ca\",\"@id\":\"https:\/\/agecad.com\/#\/schema\/logo\/image\/\",\"url\":\"https:\/\/agecad.com\/wp-content\/uploads\/2024\/08\/Agecad_Logo_Web-scaled.png\",\"contentUrl\":\"https:\/\/agecad.com\/wp-content\/uploads\/2024\/08\/Agecad_Logo_Web-scaled.png\",\"width\":2560,\"height\":790,\"caption\":\"Agecad\"},\"image\":{\"@id\":\"https:\/\/agecad.com\/#\/schema\/logo\/image\/\"}}]}<\/script>\n<!-- \/ Yoast SEO plugin. -->","yoast_head_json":{"title":"Pol\u00edtica de Cookies - Agecad","robots":{"index":"index","follow":"follow","max-snippet":"max-snippet:-1","max-image-preview":"max-image-preview:large","max-video-preview":"max-video-preview:-1"},"canonical":"https:\/\/agecad.com\/ca\/politica-de-cookies\/","og_locale":"ca_ES","og_type":"article","og_title":"Pol\u00edtica de Cookies - Agecad","og_description":"Pol\u00edtica de cookies INSTALACIONES Y MANTENIMIENTOS AGECAD, S.L., titular d&#8217;aquest lloc Web (www.agecad.com), utilitza cookies pr\u00f2pies i de tercers per [&hellip;]","og_url":"https:\/\/agecad.com\/ca\/politica-de-cookies\/","og_site_name":"Agecad","article_modified_time":"2026-01-28T08:48:58+00:00","twitter_card":"summary_large_image","twitter_misc":{"Temps estimat de lectura":"6 minuts"},"schema":{"@context":"https:\/\/schema.org","@graph":[{"@type":"WebPage","@id":"https:\/\/agecad.com\/ca\/politica-de-cookies\/","url":"https:\/\/agecad.com\/ca\/politica-de-cookies\/","name":"Pol\u00edtica de Cookies - Agecad","isPartOf":{"@id":"https:\/\/agecad.com\/#website"},"datePublished":"2024-08-16T07:35:22+00:00","dateModified":"2026-01-28T08:48:58+00:00","breadcrumb":{"@id":"https:\/\/agecad.com\/ca\/politica-de-cookies\/#breadcrumb"},"inLanguage":"ca","potentialAction":[{"@type":"ReadAction","target":["https:\/\/agecad.com\/ca\/politica-de-cookies\/"]}]},{"@type":"BreadcrumbList","@id":"https:\/\/agecad.com\/ca\/politica-de-cookies\/#breadcrumb","itemListElement":[{"@type":"ListItem","position":1,"name":"Portada","item":"https:\/\/agecad.com\/ca\/inici\/"},{"@type":"ListItem","position":2,"name":"Pol\u00edtica de Cookies"}]},{"@type":"WebSite","@id":"https:\/\/agecad.com\/#website","url":"https:\/\/agecad.com\/","name":"Agecad","description":"","publisher":{"@id":"https:\/\/agecad.com\/#organization"},"potentialAction":[{"@type":"SearchAction","target":{"@type":"EntryPoint","urlTemplate":"https:\/\/agecad.com\/?s={search_term_string}"},"query-input":{"@type":"PropertyValueSpecification","valueRequired":true,"valueName":"search_term_string"}}],"inLanguage":"ca"},{"@type":"Organization","@id":"https:\/\/agecad.com\/#organization","name":"Agecad","url":"https:\/\/agecad.com\/","logo":{"@type":"ImageObject","inLanguage":"ca","@id":"https:\/\/agecad.com\/#\/schema\/logo\/image\/","url":"https:\/\/agecad.com\/wp-content\/uploads\/2024\/08\/Agecad_Logo_Web-scaled.png","contentUrl":"https:\/\/agecad.com\/wp-content\/uploads\/2024\/08\/Agecad_Logo_Web-scaled.png","width":2560,"height":790,"caption":"Agecad"},"image":{"@id":"https:\/\/agecad.com\/#\/schema\/logo\/image\/"}}]}},"_links":{"self":[{"href":"https:\/\/agecad.com\/ca\/wp-json\/wp\/v2\/pages\/2393","targetHints":{"allow":["GET"]}}],"collection":[{"href":"https:\/\/agecad.com\/ca\/wp-json\/wp\/v2\/pages"}],"about":[{"href":"https:\/\/agecad.com\/ca\/wp-json\/wp\/v2\/types\/page"}],"author":[{"embeddable":true,"href":"https:\/\/agecad.com\/ca\/wp-json\/wp\/v2\/users\/1"}],"replies":[{"embeddable":true,"href":"https:\/\/agecad.com\/ca\/wp-json\/wp\/v2\/comments?post=2393"}],"version-history":[{"count":2,"href":"https:\/\/agecad.com\/ca\/wp-json\/wp\/v2\/pages\/2393\/revisions"}],"predecessor-version":[{"id":2793,"href":"https:\/\/agecad.com\/ca\/wp-json\/wp\/v2\/pages\/2393\/revisions\/2793"}],"wp:attachment":[{"href":"https:\/\/agecad.com\/ca\/wp-json\/wp\/v2\/media?parent=2393"}],"curies":[{"name":"wp","href":"https:\/\/api.w.org\/{rel}","templated":true}]}}